{"id":4058,"date":"2022-11-19T21:16:19","date_gmt":"2022-11-19T20:16:19","guid":{"rendered":"https:\/\/www.simple-spin.com\/?page_id=4058"},"modified":"2024-07-22T14:54:47","modified_gmt":"2024-07-22T12:54:47","slug":"rumford-falls-maine-usa","status":"publish","type":"page","link":"https:\/\/www.simple-spin.com\/?page_id=4058","title":{"rendered":"Rumford Falls, Maine, USA"},"content":{"rendered":"\t\t<div data-elementor-type=\"wp-page\" data-elementor-id=\"4058\" class=\"elementor elementor-4058\">\n\t\t\t\t\t\t<section class=\"elementor-section elementor-top-section elementor-element elementor-element-4fc71bbe elementor-section-boxed elementor-section-height-default elementor-section-height-default wpr-particle-no wpr-jarallax-no wpr-parallax-no wpr-sticky-section-no\" data-id=\"4fc71bbe\" data-element_type=\"section\" data-e-type=\"section\">\n\t\t\t\t\t\t<div class=\"elementor-container elementor-column-gap-default\">\n\t\t\t\t\t<div class=\"elementor-column elementor-col-100 elementor-top-column elementor-element elementor-element-73af8b19\" data-id=\"73af8b19\" data-element_type=\"column\" data-e-type=\"column\">\n\t\t\t<div class=\"elementor-widget-wrap elementor-element-populated\">\n\t\t\t\t\t\t<div class=\"elementor-element elementor-element-1cb68af3 elementor-widget elementor-widget-text-editor\" data-id=\"1cb68af3\" data-element_type=\"widget\" data-e-type=\"widget\" data-widget_type=\"text-editor.default\">\n\t\t\t\t<div class=\"elementor-widget-container\">\n\t\t\t\t\t\t\t\t\t\n<p>Fall Foliage in Maine, 17. Oktober 2022, 7-8 Uhr morgens<\/p>\n\n<p>Die F\u00e4lle waren rei\u00dfend, da es Tage zuvor extrem viel geregnet hatte. Wir hatten Gl\u00fcck, dieses Naturschauspiel so zu erleben. Im Sommer gibt es hier oftmals nur ein Rinnsal. Die F\u00e4lle sind \u00fcbrigens die h\u00f6chsten \u00f6stlich der Niagara F\u00e4lle.<\/p>\n\n<p>Es war kalt und stellweise neblig, aber sp\u00e4ter zog es total zu, so dass wir Gl\u00fcck hatten, so fr\u00fch unterwegs zu sein. Eine halbe Stunde sp\u00e4ter h\u00e4tten wir gar nichts mehr gesehen vor lauter Nebel. Leicht durchgefroren gingen wir danach erstmal zum Fr\u00fchst\u00fccken in unser Hotel &#8211; Best Western Plus, Rumford Falls, Maine.<\/p>\n\n<p>Der Link f\u00fchrt zum interaktiven <a href=\"https:\/\/simple-spin.com\/blog\/panos\/Rumford%20Falls%20Maine\/Rumford%20Falls%202.html\" target=\"_blank\" rel=\"noreferrer noopener\" data-type=\"URL\" data-id=\"https:\/\/simple-spin.com\/blog\/panos\/Rumford%20Falls%20Maine\/Rumford%20Falls%202.html\">Panorama der Rumford Falls<\/a><\/p>\n\t\t\t\t\t\t\t\t<\/div>\n\t\t\t\t<\/div>\n\t\t\t\t\t<\/div>\n\t\t<\/div>\n\t\t\t\t\t<\/div>\n\t\t<\/section>\n\t\t\t\t<section class=\"elementor-section elementor-top-section elementor-element elementor-element-a1c1c64 elementor-section-boxed elementor-section-height-default elementor-section-height-default wpr-particle-no wpr-jarallax-no wpr-parallax-no wpr-sticky-section-no\" data-id=\"a1c1c64\" data-element_type=\"section\" data-e-type=\"section\">\n\t\t\t\t\t\t<div class=\"elementor-container elementor-column-gap-default\">\n\t\t\t\t\t<div class=\"elementor-column elementor-col-100 elementor-top-column elementor-element elementor-element-caaa034\" data-id=\"caaa034\" data-element_type=\"column\" data-e-type=\"column\">\n\t\t\t<div class=\"elementor-widget-wrap elementor-element-populated\">\n\t\t\t\t\t\t<div class=\"elementor-element elementor-element-20fd1d6 elementor-widget elementor-widget-text-editor\" data-id=\"20fd1d6\" data-element_type=\"widget\" data-e-type=\"widget\" data-widget_type=\"text-editor.default\">\n\t\t\t\t<div class=\"elementor-widget-container\">\n\t\t\t\t\t\t\t\t\t<p>Mallorca &#8211; just for fun<\/p>\n<p><a href=\"https:\/\/www.simple-spin.com\/blog\/panos\/Mallorca%20Cala%20Ferrera\/Cala%20Ferrera.html\">Cala Ferr<\/a><a href=\"https:\/\/www.simple-spin.com\/blog\/panos\/Mallorca%20Cala%20Ferrera\/Cala%20Ferrera.html\">era<\/a><\/p>\n<p>\u00a0<\/p>\t\t\t\t\t\t\t\t<\/div>\n\t\t\t\t<\/div>\n\t\t\t\t\t<\/div>\n\t\t<\/div>\n\t\t\t\t\t<\/div>\n\t\t<\/section>\n\t\t\t\t<\/div>\n\t\t<input class=\"fooboxshare_post_id\" type=\"hidden\" value=\"4058\"\/>","protected":false},"excerpt":{"rendered":"<p>Fall Foliage in Maine, 17. Oktober 2022, 7-8 Uhr morgens Die F\u00e4lle waren rei\u00dfend, da es Tage zuvor extrem viel geregnet hatte. Wir hatten Gl\u00fcck, dieses Naturschauspiel so zu erleben. Im Sommer gibt es hier oftmals nur ein Rinnsal. Die F\u00e4lle sind \u00fcbrigens die h\u00f6chsten \u00f6stlich der Niagara F\u00e4lle. Es war kalt und stellweise neblig, aber sp\u00e4ter zog es total zu, so dass wir Gl\u00fcck hatten, so fr\u00fch unterwegs zu sein. Eine halbe Stunde sp\u00e4ter h\u00e4tten wir gar nichts mehr gesehen vor lauter Nebel. Leicht durchgefroren gingen wir danach erstmal zum Fr\u00fchst\u00fccken in unser Hotel &#8211; Best Western Plus, Rumford Falls, Maine. Der Link f\u00fchrt zum interaktiven Panorama der Rumford Falls Mallorca &#8211; just for fun Cala Ferrera \u00a0<\/p>\n","protected":false},"author":2,"featured_media":0,"parent":0,"menu_order":0,"comment_status":"closed","ping_status":"closed","template":"","meta":{"ngg_post_thumbnail":0,"footnotes":""},"class_list":["post-4058","page","type-page","status-publish","hentry"],"acf":[],"_links":{"self":[{"href":"https:\/\/www.simple-spin.com\/index.php?rest_route=\/wp\/v2\/pages\/4058","targetHints":{"allow":["GET"]}}],"collection":[{"href":"https:\/\/www.simple-spin.com\/index.php?rest_route=\/wp\/v2\/pages"}],"about":[{"href":"https:\/\/www.simple-spin.com\/index.php?rest_route=\/wp\/v2\/types\/page"}],"author":[{"embeddable":true,"href":"https:\/\/www.simple-spin.com\/index.php?rest_route=\/wp\/v2\/users\/2"}],"replies":[{"embeddable":true,"href":"https:\/\/www.simple-spin.com\/index.php?rest_route=%2Fwp%2Fv2%2Fcomments&post=4058"}],"version-history":[{"count":12,"href":"https:\/\/www.simple-spin.com\/index.php?rest_route=\/wp\/v2\/pages\/4058\/revisions"}],"predecessor-version":[{"id":4239,"href":"https:\/\/www.simple-spin.com\/index.php?rest_route=\/wp\/v2\/pages\/4058\/revisions\/4239"}],"wp:attachment":[{"href":"https:\/\/www.simple-spin.com\/index.php?rest_route=%2Fwp%2Fv2%2Fmedia&parent=4058"}],"curies":[{"name":"wp","href":"https:\/\/api.w.org\/{rel}","templated":true}]}}