{"id":3722,"date":"2021-08-27T13:33:00","date_gmt":"2021-08-27T11:33:00","guid":{"rendered":"https:\/\/www.simple-spin.com\/?page_id=3722"},"modified":"2021-08-27T13:33:47","modified_gmt":"2021-08-27T11:33:47","slug":"deutschland","status":"publish","type":"page","link":"https:\/\/www.simple-spin.com\/?page_id=3722","title":{"rendered":"Deutschland"},"content":{"rendered":"\n<p>In Coronazeiten lernt man mal seine pers\u00f6nliche Heimat n\u00e4her kennen. Was auch nicht zu jeder Zeit m\u00f6glich war. Deutschland ja so viele sch\u00f6ne Ecken, aber die wollten wir eigentlich erst als Rentner entdecken. <\/p>\n\n\n\n<figure class=\"wp-block-image size-large\"><img fetchpriority=\"high\" decoding=\"async\" width=\"800\" height=\"533\" src=\"https:\/\/www.simple-spin.com\/blog\/wp-content\/uploads\/2021\/08\/KATE1710-800x533.jpg\" alt=\"\" class=\"wp-image-3723\" srcset=\"https:\/\/www.simple-spin.com\/blog\/wp-content\/uploads\/2021\/08\/KATE1710-800x533.jpg 800w, https:\/\/www.simple-spin.com\/blog\/wp-content\/uploads\/2021\/08\/KATE1710-300x200.jpg 300w, https:\/\/www.simple-spin.com\/blog\/wp-content\/uploads\/2021\/08\/KATE1710-768x512.jpg 768w, https:\/\/www.simple-spin.com\/blog\/wp-content\/uploads\/2021\/08\/KATE1710-1536x1024.jpg 1536w, https:\/\/www.simple-spin.com\/blog\/wp-content\/uploads\/2021\/08\/KATE1710-1140x760.jpg 1140w, https:\/\/www.simple-spin.com\/blog\/wp-content\/uploads\/2021\/08\/KATE1710.jpg 2048w\" sizes=\"(max-width: 800px) 100vw, 800px\" \/><figcaption>Dresden, Zwinger<\/figcaption><\/figure>\n\n\n\n<p><\/p>\n<input class=\"fooboxshare_post_id\" type=\"hidden\" value=\"3722\"\/>","protected":false},"excerpt":{"rendered":"<p>In Coronazeiten lernt man mal seine pers\u00f6nliche Heimat n\u00e4her kennen. Was auch nicht zu jeder Zeit m\u00f6glich war. Deutschland ja so viele sch\u00f6ne Ecken, aber die wollten wir eigentlich erst als Rentner entdecken.<\/p>\n","protected":false},"author":2,"featured_media":0,"parent":0,"menu_order":0,"comment_status":"closed","ping_status":"closed","template":"","meta":{"ngg_post_thumbnail":0,"footnotes":""},"class_list":["post-3722","page","type-page","status-publish","hentry"],"acf":[],"_links":{"self":[{"href":"https:\/\/www.simple-spin.com\/index.php?rest_route=\/wp\/v2\/pages\/3722","targetHints":{"allow":["GET"]}}],"collection":[{"href":"https:\/\/www.simple-spin.com\/index.php?rest_route=\/wp\/v2\/pages"}],"about":[{"href":"https:\/\/www.simple-spin.com\/index.php?rest_route=\/wp\/v2\/types\/page"}],"author":[{"embeddable":true,"href":"https:\/\/www.simple-spin.com\/index.php?rest_route=\/wp\/v2\/users\/2"}],"replies":[{"embeddable":true,"href":"https:\/\/www.simple-spin.com\/index.php?rest_route=%2Fwp%2Fv2%2Fcomments&post=3722"}],"version-history":[{"count":2,"href":"https:\/\/www.simple-spin.com\/index.php?rest_route=\/wp\/v2\/pages\/3722\/revisions"}],"predecessor-version":[{"id":3726,"href":"https:\/\/www.simple-spin.com\/index.php?rest_route=\/wp\/v2\/pages\/3722\/revisions\/3726"}],"wp:attachment":[{"href":"https:\/\/www.simple-spin.com\/index.php?rest_route=%2Fwp%2Fv2%2Fmedia&parent=3722"}],"curies":[{"name":"wp","href":"https:\/\/api.w.org\/{rel}","templated":true}]}}