{"id":1497,"date":"2018-09-12T12:52:20","date_gmt":"2018-09-12T10:52:20","guid":{"rendered":"http:\/\/www.simple-spin.com\/?page_id=1497"},"modified":"2018-09-12T13:14:17","modified_gmt":"2018-09-12T11:14:17","slug":"london","status":"publish","type":"page","link":"https:\/\/www.simple-spin.com\/?page_id=1497","title":{"rendered":"London"},"content":{"rendered":"<p>In diesem Jahr (2018) war ich bislang 2 mal in London. Im Mai zur royalen Hochzeit von Harry und Meghan f\u00fcr 3 Tage und im Juni f\u00fcr einen Tagestrip. London geht einfach immer, und dank Ryanair durchaus erschwinglich auch f\u00fcr einen Kurztrip. Im Mai sind wir aber lieber mit BA geflogen aufgrund der viel besseren Flugzeiten. Wer wei\u00df, vielleicht fliege ich spontan noch einmal, wobei so ein Gl\u00fcck mit dem Wetter hat man nicht immer. Wir hatten beide Male das sch\u00f6nste Sommerwetter was es gibt.<\/p>\n<p>Ich werde hier demn\u00e4chst ein wenig mehr \u00fcber diese sch\u00f6ne Stadt berichten.<\/p>\n<p><a href=\"https:\/\/www.simple-spin.com\/?attachment_id=1501\" rel=\"attachment wp-att-1501\"><img fetchpriority=\"high\" decoding=\"async\" class=\"alignleft size-large wp-image-1501\" src=\"https:\/\/www.simple-spin.com\/blog\/wp-content\/uploads\/2018\/09\/180521_project-life-8F088A-600x600.jpg\" alt=\"\" width=\"600\" height=\"600\" srcset=\"https:\/\/www.simple-spin.com\/blog\/wp-content\/uploads\/2018\/09\/180521_project-life-8F088A-600x600.jpg 600w, https:\/\/www.simple-spin.com\/blog\/wp-content\/uploads\/2018\/09\/180521_project-life-8F088A-150x150.jpg 150w, https:\/\/www.simple-spin.com\/blog\/wp-content\/uploads\/2018\/09\/180521_project-life-8F088A-300x300.jpg 300w, https:\/\/www.simple-spin.com\/blog\/wp-content\/uploads\/2018\/09\/180521_project-life-8F088A-768x768.jpg 768w, https:\/\/www.simple-spin.com\/blog\/wp-content\/uploads\/2018\/09\/180521_project-life-8F088A-1140x1140.jpg 1140w, https:\/\/www.simple-spin.com\/blog\/wp-content\/uploads\/2018\/09\/180521_project-life-8F088A-75x75.jpg 75w\" sizes=\"(max-width: 600px) 100vw, 600px\" \/><\/a><\/p>\n<input class=\"fooboxshare_post_id\" type=\"hidden\" value=\"1497\"\/>","protected":false},"excerpt":{"rendered":"<p>In diesem Jahr (2018) war ich bislang 2 mal in London. Im Mai zur royalen Hochzeit von Harry und Meghan f\u00fcr 3 Tage und im Juni f\u00fcr einen Tagestrip. London geht einfach immer, und dank Ryanair durchaus erschwinglich auch f\u00fcr einen Kurztrip. Im Mai sind wir aber lieber mit BA geflogen aufgrund der viel besseren Flugzeiten. Wer wei\u00df, vielleicht fliege ich spontan noch einmal, wobei so ein Gl\u00fcck mit dem Wetter hat man nicht immer. Wir hatten beide Male das sch\u00f6nste Sommerwetter was es gibt. Ich werde hier demn\u00e4chst ein wenig mehr \u00fcber diese sch\u00f6ne Stadt berichten.<\/p>\n","protected":false},"author":2,"featured_media":0,"parent":0,"menu_order":0,"comment_status":"closed","ping_status":"closed","template":"","meta":{"ngg_post_thumbnail":0,"footnotes":""},"class_list":["post-1497","page","type-page","status-publish","hentry"],"acf":[],"_links":{"self":[{"href":"https:\/\/www.simple-spin.com\/index.php?rest_route=\/wp\/v2\/pages\/1497","targetHints":{"allow":["GET"]}}],"collection":[{"href":"https:\/\/www.simple-spin.com\/index.php?rest_route=\/wp\/v2\/pages"}],"about":[{"href":"https:\/\/www.simple-spin.com\/index.php?rest_route=\/wp\/v2\/types\/page"}],"author":[{"embeddable":true,"href":"https:\/\/www.simple-spin.com\/index.php?rest_route=\/wp\/v2\/users\/2"}],"replies":[{"embeddable":true,"href":"https:\/\/www.simple-spin.com\/index.php?rest_route=%2Fwp%2Fv2%2Fcomments&post=1497"}],"version-history":[{"count":3,"href":"https:\/\/www.simple-spin.com\/index.php?rest_route=\/wp\/v2\/pages\/1497\/revisions"}],"predecessor-version":[{"id":1502,"href":"https:\/\/www.simple-spin.com\/index.php?rest_route=\/wp\/v2\/pages\/1497\/revisions\/1502"}],"wp:attachment":[{"href":"https:\/\/www.simple-spin.com\/index.php?rest_route=%2Fwp%2Fv2%2Fmedia&parent=1497"}],"curies":[{"name":"wp","href":"https:\/\/api.w.org\/{rel}","templated":true}]}}