{"id":1487,"date":"2018-09-12T11:29:35","date_gmt":"2018-09-12T09:29:35","guid":{"rendered":"http:\/\/www.simple-spin.com\/?page_id=1487"},"modified":"2021-08-27T12:47:36","modified_gmt":"2021-08-27T10:47:36","slug":"usa-hotels","status":"publish","type":"page","link":"https:\/\/www.simple-spin.com\/?page_id=1487","title":{"rendered":"USA &#8211; Hotels"},"content":{"rendered":"<p><strong>Von uns in den USA besuchte Hotels<\/strong><\/p>\n<p><em>NEW YORK CITY<\/em><\/p>\n<p><a href=\"https:\/\/www.morganshotelgroup.com\/hudson\/hudson-new-york?cid=DSP:Hudson:net-conversion&amp;gclid=EAIaIQobChMIhOnhmLii2gIVQhYbCh0jYwc4EAEYASAAEgK9n_D_BwE\">Hudson Hotel<\/a><\/p>\n<p>Unser erstes Hotel 2008 und bis heute ist die Rooftopbar mein Happy Place. Leider in 2018 geschlossen wegen Renovierung nach gr\u00f6\u00dferen Sch\u00e4den, die im Winter 2018 entstanden sind. Unschlagbare Lage am Columbus Circle. Die pers\u00f6nlich schlimmste Entwicklung: <em>Das Hudson Hotel ist geschlossen, meine Nr. 1, mein erstes Hotel in NYC.\u00a0<\/em><\/p>\n<p><a href=\"https:\/\/thedominickhotel.com\">The Dominick<\/a><\/p>\n<p>Wir wohnten im 40. Stock (Room 4004) mit dem sch\u00f6nsten Ausblick auf Downtown Manhattan, den man sich vorstellen kann.<\/p>\n<p><a href=\"https:\/\/www3.hilton.com\/en\/hotels\/new-york\/millennium-hilton-new-york-one-un-plaza-NYCUPHH\/index.html\">Millenium\u00a0<\/a><a href=\"https:\/\/www3.hilton.com\/en\/hotels\/new-york\/millennium-hilton-new-york-one-un-plaza-NYCUPHH\/index.html\">Hilton UN<\/a><\/p>\n<p><a href=\"https:\/\/www3.hilton.com\/en\/hotels\/new-york\/millennium-hilton-new-york-downtown-NYCMLHH\/index.html\">Millenium Hilton Downtown<\/a><\/p>\n<p>Mit dem besten Blick \u00fcber Ground Zero auf den Hudson River und New Jersey<\/p>\n<p><a href=\"https:\/\/www.theroosevelthotel.com\">The Roosevelt Hotel<\/a><\/p>\n<p>Traditionelles New York Hotel mit wundersch\u00f6ner Au\u00dfen- und Innenansicht, und die Lobby &#8230; wundersch\u00f6n. Ich habe zu Zeiten in diesem Hotel reserviert, als man noch unschlagbare 99$ Angebote bekam. Wer auf \u00e4ltere Hotels steht ist hier sicher richtig, es wurde auch wohl viel renoviert. <em>CLOSED FOR GOOD!<\/em><\/p>\n<input class=\"fooboxshare_post_id\" type=\"hidden\" value=\"1487\"\/>","protected":false},"excerpt":{"rendered":"<p>Von uns in den USA besuchte Hotels NEW YORK CITY Hudson Hotel Unser erstes Hotel 2008 und bis heute ist die Rooftopbar mein Happy Place. Leider in 2018 geschlossen wegen Renovierung nach gr\u00f6\u00dferen Sch\u00e4den, die im Winter 2018 entstanden sind. Unschlagbare Lage am Columbus Circle. Die pers\u00f6nlich schlimmste Entwicklung: Das Hudson Hotel ist geschlossen, meine Nr. 1, mein erstes Hotel in NYC.\u00a0 The Dominick Wir wohnten im 40. Stock (Room 4004) mit dem sch\u00f6nsten Ausblick auf Downtown Manhattan, den man sich vorstellen kann. Millenium\u00a0Hilton UN Millenium Hilton Downtown Mit dem besten Blick \u00fcber Ground Zero auf den Hudson River und New Jersey The Roosevelt Hotel Traditionelles New York Hotel mit wundersch\u00f6ner Au\u00dfen- und Innenansicht, und die Lobby &#8230; wundersch\u00f6n. Ich habe zu Zeiten in diesem Hotel reserviert, als man noch unschlagbare 99$ Angebote bekam. Wer auf \u00e4ltere Hotels steht ist hier sicher richtig, es wurde auch wohl viel renoviert. CLOSED FOR GOOD!<\/p>\n","protected":false},"author":2,"featured_media":0,"parent":0,"menu_order":0,"comment_status":"closed","ping_status":"closed","template":"","meta":{"ngg_post_thumbnail":0,"footnotes":""},"class_list":["post-1487","page","type-page","status-publish","hentry"],"acf":[],"_links":{"self":[{"href":"https:\/\/www.simple-spin.com\/index.php?rest_route=\/wp\/v2\/pages\/1487","targetHints":{"allow":["GET"]}}],"collection":[{"href":"https:\/\/www.simple-spin.com\/index.php?rest_route=\/wp\/v2\/pages"}],"about":[{"href":"https:\/\/www.simple-spin.com\/index.php?rest_route=\/wp\/v2\/types\/page"}],"author":[{"embeddable":true,"href":"https:\/\/www.simple-spin.com\/index.php?rest_route=\/wp\/v2\/users\/2"}],"replies":[{"embeddable":true,"href":"https:\/\/www.simple-spin.com\/index.php?rest_route=%2Fwp%2Fv2%2Fcomments&post=1487"}],"version-history":[{"count":4,"href":"https:\/\/www.simple-spin.com\/index.php?rest_route=\/wp\/v2\/pages\/1487\/revisions"}],"predecessor-version":[{"id":3719,"href":"https:\/\/www.simple-spin.com\/index.php?rest_route=\/wp\/v2\/pages\/1487\/revisions\/3719"}],"wp:attachment":[{"href":"https:\/\/www.simple-spin.com\/index.php?rest_route=%2Fwp%2Fv2%2Fmedia&parent=1487"}],"curies":[{"name":"wp","href":"https:\/\/api.w.org\/{rel}","templated":true}]}}